{"id":6993,"date":"2017-07-27T14:01:30","date_gmt":"2017-07-27T14:01:30","guid":{"rendered":"https:\/\/thetranscript.org\/inicio\/"},"modified":"2024-01-28T19:10:14","modified_gmt":"2024-01-28T19:10:14","slug":"inicio","status":"publish","type":"page","link":"https:\/\/thetranscript.org\/es\/","title":{"rendered":"Inicio"},"content":{"rendered":"<p>[et_pb_section fb_built=&#8221;1&#8243; fullwidth=&#8221;on&#8221; disabled_on=&#8221;off|off|off&#8221; _builder_version=&#8221;4.21.0&#8243; global_colors_info=&#8221;{}&#8221;][et_pb_fullwidth_image src=&#8221;https:\/\/thetranscript.org\/wp-content\/uploads\/2018\/03\/Frank-with-blurred-transcript-1.jpg&#8221; _builder_version=&#8221;4.16&#8243; global_colors_info=&#8221;{}&#8221;]&nbsp;<br \/>\n[\/et_pb_fullwidth_image][\/et_pb_section][et_pb_section fb_built=&#8221;1&#8243; fullwidth=&#8221;on&#8221; disabled_on=&#8221;on|on|on&#8221; _builder_version=&#8221;4.21.0&#8243; disabled=&#8221;on&#8221; global_colors_info=&#8221;{}&#8221;][et_pb_fullwidth_image src=&#8221;https:\/\/thetranscript.org\/wp-content\/uploads\/2022\/06\/The-Transcript_HOME_whitedesert_LR-scaled-e1657147655454.jpg&#8221; title_text=&#8221;El Transcrito_HOME_whitedesert_LR&#8221; disabled_on=&#8221;off|off|off&#8221; _builder_version=&#8221;4.21.0&#8243; global_colors_info=&#8221;{}&#8221;]&nbsp;<br \/>\n[\/et_pb_fullwidth_image][\/et_pb_section][et_pb_section fb_built=&#8221;1&#8243; _builder_version=&#8221;4.17.4&#8243; _module_preset=&#8221;default&#8221; background_color=&#8221;#523800&#8243; global_colors_info=&#8221;{}&#8221;][et_pb_row _builder_version=&#8221;4.17.4&#8243; _module_preset=&#8221;default&#8221; global_colors_info=&#8221;{}&#8221;][et_pb_column type=&#8221;4_4&#8243; _builder_version=&#8221;4.17.4&#8243; _module_preset=&#8221;default&#8221; global_colors_info=&#8221;{}&#8221;][et_pb_text _builder_version=&#8221;4.17.4&#8243; _module_preset=&#8221;default&#8221; background_layout=&#8221;dark&#8221; custom_padding=&#8221;||10px||false|false&#8221; global_colors_info=&#8221;{}&#8221;]<\/p>\n<h1 style=\"text-align: center\"><span style=\"font-size: xx-large\"><strong>!Bienvenido!<\/strong><\/span><\/h1>\n<p>[\/et_pb_text][et_pb_text _builder_version=&#8221;4.17.4&#8243; _module_preset=&#8221;default&#8221; background_layout=&#8221;dark&#8221; custom_margin=&#8221;||-6px|||&#8221; global_colors_info=&#8221;{}&#8221;]<\/p>\n<p style=\"text-align: left\"><span style=\"font-size: xx-large\"><strong>\u00bfQu\u00e9 tal si pudiera llevarle a un viaje espiritual en busca de su verdadera identidad? \u00bfY qu\u00e9 tal si esta vez puedo mostrarle el camino, sin ataduras ideol\u00f3gicas?<\/strong><\/span><\/p>\n<p><strong><\/strong><\/p>\n<p>[\/et_pb_text][et_pb_testimonial portrait_url=&#8221;https:\/\/thetranscript.org\/wp-content\/uploads\/2022\/07\/Frank-Welcome-Thumbnail-sm.jpg&#8221; quote_icon=&#8221;off&#8221; portrait_width=&#8221;109px&#8221; portrait_height=&#8221;125px&#8221; _builder_version=&#8221;4.17.4&#8243; _module_preset=&#8221;default&#8221; use_background_color=&#8221;off&#8221; background_layout=&#8221;dark&#8221; custom_padding=&#8221;15px||||false|false&#8221; border_radii_portrait=&#8221;on|4px|4px|4px|4px&#8221; global_colors_info=&#8221;{}&#8221;]<\/p>\n<p> Hola, me llamo Francisco Valent\u00edn. Soy el autor, editor y custodio de los<strong> Transcritos<\/strong>.<\/p>\n<p>[\/et_pb_testimonial][et_pb_text _builder_version=&#8221;4.17.4&#8243; _module_preset=&#8221;default&#8221; background_layout=&#8221;dark&#8221; global_colors_info=&#8221;{}&#8221;]<\/p>\n<p>Los Transcritos son revelaciones de Suma Verdad dirijidas a mostrarnos el origen y prop\u00f3sito de la vida, tal como las recibo, percibo y transcribo por parte de un grupo de Maestros Ascendidos que eligieron ser conocidos como La Fuerza Colectiva de Conocimiento y la Sabidur\u00eda.<\/p>\n<p>Los Transcritos le ayudar\u00e1n a traer de vuelta a su memoria su verdadera identidad para que la vida vuelva a tener sentido. Una vez que conozca su verdadera identidad, al nivel m\u00e1s profundo, tendr\u00e1 un nuevo sentido de orientaci\u00f3n, sabr\u00e1 qu\u00e9 decisiones tomar y qu\u00e9 hacer en cualquier situaci\u00f3n.<\/p>\n<p>Todos hemos experimentado situaciones en nuestra vida que no podemos comprender del todo simplemente porque no conocemos nuestro verdadero pasado. Pero una vez sepamos c\u00f3mo nuestro pasado afecta nuestro presente, sabremos la ruta de nuestras vidas y destino final.<\/p>\n<p>Adem\u00e1s, al aplicar a su vida diaria los principios a encontrarse en <strong>Los Transcritos<\/strong>, tendr\u00e1 un sentido de direcci\u00f3n hacia su meta espiritual final.<\/p>\n<p>Mi objetivo final es guiarle, asistirle y aclarar cualquier duda mientras cruzamos por este camino personal en busca de su verdadera identidad, origen y la raz\u00f3n del Ser.<\/p>\n<p>[\/et_pb_text][\/et_pb_column][\/et_pb_row][et_pb_row _builder_version=&#8221;4.16&#8243; global_colors_info=&#8221;{}&#8221;][et_pb_column type=&#8221;4_4&#8243; _builder_version=&#8221;4.16&#8243; custom_padding=&#8221;|||&#8221; global_colors_info=&#8221;{}&#8221; custom_padding__hover=&#8221;|||&#8221;][et_pb_testimonial author=&#8221;-Transcrito-&#8221; _builder_version=&#8221;4.16&#8243; body_font=&#8221;Calligraffitti||||||||&#8221; body_font_size=&#8221;26px&#8221; text_orientation=&#8221;center&#8221; inline_fonts=&#8221;Papyrus&#8221; global_colors_info=&#8221;{}&#8221;]<\/p>\n<p><span style=\"font-family: Papyrus;font-weight: normal;font-size: xx-large\">No existen misterios en la vida, s\u00f3lo falta de informaci\u00f3n sobre lo que nos espera.<\/span><\/p>\n<p>[\/et_pb_testimonial][\/et_pb_column][\/et_pb_row][\/et_pb_section][et_pb_section fb_built=&#8221;1&#8243; fullwidth=&#8221;on&#8221; admin_label=&#8221;section&#8221; _builder_version=&#8221;4.17.4&#8243; use_background_color_gradient=&#8221;on&#8221; background_color_gradient_stops=&#8221;#523800 0%|#ffffff 100%&#8221; custom_padding=&#8221;4px|0px|0px|0px&#8221; transparent_background=&#8221;on&#8221; global_colors_info=&#8221;{}&#8221;][\/et_pb_section][et_pb_section fb_built=&#8221;1&#8243; disabled_on=&#8221;on|on|on&#8221; _builder_version=&#8221;4.17.4&#8243; custom_padding=&#8221;0|0px|0px|0px||&#8221; disabled=&#8221;on&#8221; global_colors_info=&#8221;{}&#8221;][et_pb_row _builder_version=&#8221;4.16&#8243; global_colors_info=&#8221;{}&#8221;][et_pb_column type=&#8221;4_4&#8243; _builder_version=&#8221;4.16&#8243; custom_padding=&#8221;|||&#8221; global_colors_info=&#8221;{}&#8221; custom_padding__hover=&#8221;|||&#8221;][et_pb_testimonial author=&#8221;Francisco Valent\u00edn&#8221; _builder_version=&#8221;4.16&#8243; body_font=&#8221;Calligraffitti||||||||&#8221; body_font_size=&#8221;26px&#8221; text_orientation=&#8221;center&#8221; global_colors_info=&#8221;{}&#8221;]<\/p>\n<p>\u00bfQue tal si puedo llevarte a un viaje espiritual<br \/>\u00bfEn busca de su verdadera identidad?<br \/>\u00bfY qu\u00e9 tal si esta vez puedo mostrarle el camino, sin ataduras ideol\u00f3gicas?<\/p>\n<p>[\/et_pb_testimonial][\/et_pb_column][\/et_pb_row][\/et_pb_section][et_pb_section fb_built=&#8221;1&#8243; fullwidth=&#8221;on&#8221; custom_padding_last_edited=&#8221;on|desktop&#8221; disabled_on=&#8221;off|off|off&#8221; admin_label=&#8221;section&#8221; _builder_version=&#8221;4.16&#8243; background_color=&#8221;#FFFFFF&#8221; custom_padding=&#8221;0px|0px|0|0px|false|false&#8221; custom_padding_tablet=&#8221;50px|0|50px|0&#8243; custom_padding_phone=&#8221;&#8221; global_colors_info=&#8221;{}&#8221;][et_pb_fullwidth_header title=&#8221;\u00bfC\u00d3MO LO S\u00c9?&#8221; text_orientation=&#8221;center&#8221; title_font_color=&#8221;#523800&#8243; admin_label=&#8221;HOW DO I KNOW?&#8221; _builder_version=&#8221;4.16&#8243; title_font=&#8221;Permanent Marker|on|||&#8221; title_text_color=&#8221;#523800&#8243; title_font_size=&#8221;60px&#8221; background_color=&#8221;rgba(255, 255, 255, 0)&#8221; background_layout=&#8221;light&#8221; min_height=&#8221;147.8px&#8221; custom_padding=&#8221;0px||0px|||&#8221; global_colors_info=&#8221;{}&#8221; button_one_text_size__hover_enabled=&#8221;off&#8221; button_two_text_size__hover_enabled=&#8221;off&#8221; button_one_text_color__hover_enabled=&#8221;off&#8221; button_two_text_color__hover_enabled=&#8221;off&#8221; button_one_border_width__hover_enabled=&#8221;off&#8221; button_two_border_width__hover_enabled=&#8221;off&#8221; button_one_border_color__hover_enabled=&#8221;off&#8221; button_two_border_color__hover_enabled=&#8221;off&#8221; button_one_border_radius__hover_enabled=&#8221;off&#8221; button_two_border_radius__hover_enabled=&#8221;off&#8221; button_one_letter_spacing__hover_enabled=&#8221;off&#8221; button_two_letter_spacing__hover_enabled=&#8221;off&#8221; button_one_bg_color__hover_enabled=&#8221;off&#8221; button_two_bg_color__hover_enabled=&#8221;off&#8221;]&nbsp;<br \/>\n[\/et_pb_fullwidth_header][\/et_pb_section][et_pb_section fb_built=&#8221;1&#8243; disabled_on=&#8221;off|off|off&#8221; admin_label=&#8221;section&#8221; _builder_version=&#8221;4.16&#8243; custom_padding=&#8221;0|0px|0px|0px&#8221; global_colors_info=&#8221;{}&#8221;][et_pb_row disabled_on=&#8221;off|off|off&#8221; _builder_version=&#8221;4.16&#8243; global_colors_info=&#8221;{}&#8221;][et_pb_column type=&#8221;4_4&#8243; _builder_version=&#8221;4.16&#8243; custom_padding=&#8221;|||&#8221; global_colors_info=&#8221;{}&#8221; custom_padding__hover=&#8221;|||&#8221;][et_pb_text _builder_version=&#8221;4.16&#8243; global_colors_info=&#8221;{}&#8221;]<\/p>\n<p>Lo s\u00e9 desde que un d\u00eda de verano de 1979, cuando a la temprana edad de 18 a\u00f1os y debido a un fatal accidente automovil\u00edstico, mor\u00ed, fui al otro lado y volv\u00ed&#8230;<\/p>\n<p>[\/et_pb_text][et_pb_image src=&#8221;\/wp-content\/uploads\/2017\/07\/Datsun-300-web-version.jpg&#8221; align_tablet=&#8221;center&#8221; align_phone=&#8221;&#8221; align_last_edited=&#8221;on|desktop&#8221; admin_label=&#8221;Image mobile&#8221; _builder_version=&#8221;4.16&#8243; global_colors_info=&#8221;{}&#8221;]&nbsp;<br \/>\n[\/et_pb_image][et_pb_text _builder_version=&#8221;4.16&#8243; global_colors_info=&#8221;{}&#8221;]<\/p>\n<p style=\"text-align: justify\">&#8230;pero me guard\u00e9 lo que aprend\u00ed hasta un d\u00eda. La fecha fue el 7 de julio de 2011, cuando aproximadamente a las 10 P.M. (EST) un Esp\u00edritu de Luz se manifest\u00f3 a trav\u00e9s de la voz de mi hijo de veinte a\u00f1os en aquel entonces, para recordarme sobre un acuerdo que tuvo lugar en 1979 y la raz\u00f3n de mi regreso. Les invito a saber m\u00e1s.<\/p>\n<p>[\/et_pb_text][\/et_pb_column][\/et_pb_row][\/et_pb_section][et_pb_section fb_built=&#8221;1&#8243; _builder_version=&#8221;4.16&#8243; background_color=&#8221;#523800&#8243; global_colors_info=&#8221;{}&#8221;][et_pb_row _builder_version=&#8221;4.16&#8243; _module_preset=&#8221;default&#8221; global_colors_info=&#8221;{}&#8221;][et_pb_column type=&#8221;4_4&#8243; _builder_version=&#8221;4.16&#8243; _module_preset=&#8221;default&#8221; global_colors_info=&#8221;{}&#8221;][et_pb_cta title=&#8221;Le invito a conocerme mejor.&#8221; button_url=&#8221;https:\/\/thetranscript.org\/es\/acerca-de\/&#8221; button_text=&#8221;M\u00e1s informaci\u00f3n&#8221; _builder_version=&#8221;4.17.4&#8243; _module_preset=&#8221;default&#8221; background_color=&#8221;#523800&#8243; custom_button=&#8221;on&#8221; button_text_size=&#8221;40px&#8221; global_colors_info=&#8221;{}&#8221; button_bg_color__hover_enabled=&#8221;on|hover&#8221; button_bg_color__hover=&#8221;#E02B20&#8243; button_bg_enable_color__hover=&#8221;on&#8221;][\/et_pb_cta][\/et_pb_column][\/et_pb_row][\/et_pb_section][et_pb_section fb_built=&#8221;1&#8243; disabled_on=&#8221;off|off|off&#8221; _builder_version=&#8221;4.22.1&#8243; background_image=&#8221;https:\/\/thetranscript.org\/wp-content\/uploads\/2017\/09\/Old-Paper-Texture-1.jpg&#8221; global_module=&#8221;7349&#8243; saved_tabs=&#8221;all&#8221; locked=&#8221;off&#8221; global_colors_info=&#8221;{}&#8221; custom_padding=&#8221;||0px|||&#8221;][et_pb_row _builder_version=&#8221;4.22.1&#8243; background_color=&#8221;#0C71C3&#8243; custom_margin=&#8221;30px||||false|false&#8221; locked=&#8221;off&#8221; global_colors_info=&#8221;{}&#8221;][et_pb_column type=&#8221;4_4&#8243; _builder_version=&#8221;4.16&#8243; custom_padding=&#8221;|||&#8221; global_colors_info=&#8221;{}&#8221; custom_padding__hover=&#8221;|||&#8221;][et_pb_text _builder_version=&#8221;4.22.1&#8243; _module_preset=&#8221;default&#8221; text_text_color=&#8221;#FFFFFF&#8221; text_font_size=&#8221;31px&#8221; text_line_height=&#8221;1.5em&#8221; global_colors_info=&#8221;{}&#8221;]<\/p>\n<p style=\"text-align: center;\">Inscr\u00edbase aqu\u00ed para recibir el <strong>Primer Transcrito<\/strong><\/p>\n<p>\n<script src=\"https:\/\/embed.lpcontent.net\/leadboxes\/current\/embed.js\" async=\"\" defer=\"defer\"><\/script>\n<\/p>\n<p style=\"text-align: center;\"><button style=\"background: #e83838; border-color: #e83838; border-radius: 20px; color: #ffffff; display: inline-block; vertical-align: middle; padding: 16px 32px; min-width: 192px; border: 1px solid #e83838; font-size: 1rem; font-family: Helvetica, Arial, sans-serif; text-align: center; outline: 0; line-height: 1; cursor: pointer; -webkit-transition: background 0.3s, color 0.3s, border 0.3s; transition: background 0.3s, color 0.3s, border 0.3s; box-shadow: 0px 2px 5px rgba(0, 0, 0, 0.6);\" data-leadbox-popup=\"ZF6uVNxMta3c9oagzRBUW4\" data-leadbox-domain=\"thetranscript.lpages.co\">SUSCR\u00cdBAS\u00c9<\/button><\/p>\n<p>[\/et_pb_text][\/et_pb_column][\/et_pb_row][et_pb_row _builder_version=&#8221;4.22.2&#8243; _module_preset=&#8221;default&#8221; custom_padding=&#8221;0px|||||&#8221;][et_pb_column _builder_version=&#8221;4.22.2&#8243; _module_preset=&#8221;default&#8221; type=&#8221;4_4&#8243;][et_pb_text _builder_version=&#8221;4.22.2&#8243; _module_preset=&#8221;default&#8221; text_orientation=&#8221;center&#8221; hover_enabled=&#8221;0&#8243; sticky_enabled=&#8221;0&#8243;]<\/p>\n<form action=\"https:\/\/www.paypal.com\/donate\" method=\"post\" target=\"_top\"><input type=\"hidden\" name=\"hosted_button_id\" value=\"UAWY4YMALX6FQ\" \/><br \/><input type=\"image\" src=\"https:\/\/www.paypalobjects.com\/en_US\/i\/btn\/btn_donateCC_LG.gif\" border=\"0\" name=\"submit\" title=\"PayPal - The safer, easier way to pay online!\" alt=\"Donate with PayPal button\" \/><br \/><img loading=\"lazy\" decoding=\"async\" alt=\"\" border=\"0\" src=\"https:\/\/www.paypal.com\/en_US\/i\/scr\/pixel.gif\" width=\"1\" height=\"1\" \/><\/form>\n<p>[\/et_pb_text][\/et_pb_column][\/et_pb_row][\/et_pb_section]<\/p>\n","protected":false},"excerpt":{"rendered":"<p>&nbsp; &nbsp; !Bienvenido!\u00bfQu\u00e9 tal si pudiera llevarle a un viaje espiritual en busca de su verdadera identidad? \u00bfY qu\u00e9 tal si esta vez puedo mostrarle el camino, sin ataduras ideol\u00f3gicas? Hola, me llamo Francisco Valent\u00edn. Soy el autor, editor y custodio de los Transcritos.Los Transcritos son revelaciones de Suma Verdad dirijidas a mostrarnos el origen [&hellip;]<\/p>\n","protected":false},"author":1,"featured_media":0,"parent":0,"menu_order":0,"comment_status":"closed","ping_status":"closed","template":"","meta":{"_et_pb_use_builder":"on","_et_pb_old_content":"","_et_gb_content_width":"","footnotes":""},"class_list":["post-6993","page","type-page","status-publish","hentry"],"yoast_head":"<!-- This site is optimized with the Yoast SEO plugin v27.4 - https:\/\/yoast.com\/product\/yoast-seo-wordpress\/ -->\n<title>Inicio - The Transcript<\/title>\n<meta name=\"robots\" content=\"index, follow, max-snippet:-1, max-image-preview:large, max-video-preview:-1\" \/>\n<link rel=\"canonical\" href=\"https:\/\/thetranscript.org\/es\/\" \/>\n<meta property=\"og:locale\" content=\"es_ES\" \/>\n<meta property=\"og:type\" content=\"article\" \/>\n<meta property=\"og:title\" content=\"Inicio - The Transcript\" \/>\n<meta property=\"og:description\" content=\"&nbsp; &nbsp; !Bienvenido!\u00bfQu\u00e9 tal si pudiera llevarle a un viaje espiritual en busca de su verdadera identidad? \u00bfY qu\u00e9 tal si esta vez puedo mostrarle el camino, sin ataduras ideol\u00f3gicas? Hola, me llamo Francisco Valent\u00edn. Soy el autor, editor y custodio de los Transcritos.Los Transcritos son revelaciones de Suma Verdad dirijidas a mostrarnos el origen [&hellip;]\" \/>\n<meta property=\"og:url\" content=\"https:\/\/thetranscript.org\/es\/\" \/>\n<meta property=\"og:site_name\" content=\"The Transcript\" \/>\n<meta property=\"article:modified_time\" content=\"2024-01-28T19:10:14+00:00\" \/>\n<meta property=\"og:image\" content=\"https:\/\/www.paypal.com\/en_US\/i\/scr\/pixel.gif\" \/>\n<meta name=\"twitter:card\" content=\"summary_large_image\" \/>\n<meta name=\"twitter:label1\" content=\"Tiempo de lectura\" \/>\n\t<meta name=\"twitter:data1\" content=\"7 minutes\" \/>\n<script type=\"application\/ld+json\" class=\"yoast-schema-graph\">{\"@context\":\"https:\\\/\\\/schema.org\",\"@graph\":[{\"@type\":\"WebPage\",\"@id\":\"https:\\\/\\\/thetranscript.org\\\/es\\\/\",\"url\":\"https:\\\/\\\/thetranscript.org\\\/es\\\/\",\"name\":\"Inicio - The Transcript\",\"isPartOf\":{\"@id\":\"https:\\\/\\\/thetranscript.org\\\/es\\\/#website\"},\"primaryImageOfPage\":{\"@id\":\"https:\\\/\\\/thetranscript.org\\\/es\\\/#primaryimage\"},\"image\":{\"@id\":\"https:\\\/\\\/thetranscript.org\\\/es\\\/#primaryimage\"},\"thumbnailUrl\":\"https:\\\/\\\/www.paypal.com\\\/en_US\\\/i\\\/scr\\\/pixel.gif\",\"datePublished\":\"2017-07-27T14:01:30+00:00\",\"dateModified\":\"2024-01-28T19:10:14+00:00\",\"breadcrumb\":{\"@id\":\"https:\\\/\\\/thetranscript.org\\\/es\\\/#breadcrumb\"},\"inLanguage\":\"es-ES\",\"potentialAction\":[{\"@type\":\"ReadAction\",\"target\":[\"https:\\\/\\\/thetranscript.org\\\/es\\\/\"]}]},{\"@type\":\"ImageObject\",\"inLanguage\":\"es-ES\",\"@id\":\"https:\\\/\\\/thetranscript.org\\\/es\\\/#primaryimage\",\"url\":\"https:\\\/\\\/www.paypal.com\\\/en_US\\\/i\\\/scr\\\/pixel.gif\",\"contentUrl\":\"https:\\\/\\\/www.paypal.com\\\/en_US\\\/i\\\/scr\\\/pixel.gif\"},{\"@type\":\"BreadcrumbList\",\"@id\":\"https:\\\/\\\/thetranscript.org\\\/es\\\/#breadcrumb\",\"itemListElement\":[{\"@type\":\"ListItem\",\"position\":1,\"name\":\"Home\",\"item\":\"https:\\\/\\\/thetranscript.org\\\/es\\\/\"},{\"@type\":\"ListItem\",\"position\":2,\"name\":\"Inicio\"}]},{\"@type\":\"WebSite\",\"@id\":\"https:\\\/\\\/thetranscript.org\\\/es\\\/#website\",\"url\":\"https:\\\/\\\/thetranscript.org\\\/es\\\/\",\"name\":\"The Transcript\",\"description\":\"My name is Francisco Valentin\u2014 author and publisher of the Transcripts\",\"potentialAction\":[{\"@type\":\"SearchAction\",\"target\":{\"@type\":\"EntryPoint\",\"urlTemplate\":\"https:\\\/\\\/thetranscript.org\\\/es\\\/?s={search_term_string}\"},\"query-input\":{\"@type\":\"PropertyValueSpecification\",\"valueRequired\":true,\"valueName\":\"search_term_string\"}}],\"inLanguage\":\"es-ES\"}]}<\/script>\n<!-- \/ Yoast SEO plugin. -->","yoast_head_json":{"title":"Inicio - The Transcript","robots":{"index":"index","follow":"follow","max-snippet":"max-snippet:-1","max-image-preview":"max-image-preview:large","max-video-preview":"max-video-preview:-1"},"canonical":"https:\/\/thetranscript.org\/es\/","og_locale":"es_ES","og_type":"article","og_title":"Inicio - The Transcript","og_description":"&nbsp; &nbsp; !Bienvenido!\u00bfQu\u00e9 tal si pudiera llevarle a un viaje espiritual en busca de su verdadera identidad? \u00bfY qu\u00e9 tal si esta vez puedo mostrarle el camino, sin ataduras ideol\u00f3gicas? Hola, me llamo Francisco Valent\u00edn. Soy el autor, editor y custodio de los Transcritos.Los Transcritos son revelaciones de Suma Verdad dirijidas a mostrarnos el origen [&hellip;]","og_url":"https:\/\/thetranscript.org\/es\/","og_site_name":"The Transcript","article_modified_time":"2024-01-28T19:10:14+00:00","og_image":[{"url":"https:\/\/www.paypal.com\/en_US\/i\/scr\/pixel.gif","type":"","width":"","height":""}],"twitter_card":"summary_large_image","twitter_misc":{"Tiempo de lectura":"7 minutes"},"schema":{"@context":"https:\/\/schema.org","@graph":[{"@type":"WebPage","@id":"https:\/\/thetranscript.org\/es\/","url":"https:\/\/thetranscript.org\/es\/","name":"Inicio - The Transcript","isPartOf":{"@id":"https:\/\/thetranscript.org\/es\/#website"},"primaryImageOfPage":{"@id":"https:\/\/thetranscript.org\/es\/#primaryimage"},"image":{"@id":"https:\/\/thetranscript.org\/es\/#primaryimage"},"thumbnailUrl":"https:\/\/www.paypal.com\/en_US\/i\/scr\/pixel.gif","datePublished":"2017-07-27T14:01:30+00:00","dateModified":"2024-01-28T19:10:14+00:00","breadcrumb":{"@id":"https:\/\/thetranscript.org\/es\/#breadcrumb"},"inLanguage":"es-ES","potentialAction":[{"@type":"ReadAction","target":["https:\/\/thetranscript.org\/es\/"]}]},{"@type":"ImageObject","inLanguage":"es-ES","@id":"https:\/\/thetranscript.org\/es\/#primaryimage","url":"https:\/\/www.paypal.com\/en_US\/i\/scr\/pixel.gif","contentUrl":"https:\/\/www.paypal.com\/en_US\/i\/scr\/pixel.gif"},{"@type":"BreadcrumbList","@id":"https:\/\/thetranscript.org\/es\/#breadcrumb","itemListElement":[{"@type":"ListItem","position":1,"name":"Home","item":"https:\/\/thetranscript.org\/es\/"},{"@type":"ListItem","position":2,"name":"Inicio"}]},{"@type":"WebSite","@id":"https:\/\/thetranscript.org\/es\/#website","url":"https:\/\/thetranscript.org\/es\/","name":"The Transcript","description":"My name is Francisco Valentin\u2014 author and publisher of the Transcripts","potentialAction":[{"@type":"SearchAction","target":{"@type":"EntryPoint","urlTemplate":"https:\/\/thetranscript.org\/es\/?s={search_term_string}"},"query-input":{"@type":"PropertyValueSpecification","valueRequired":true,"valueName":"search_term_string"}}],"inLanguage":"es-ES"}]}},"_links":{"self":[{"href":"https:\/\/thetranscript.org\/es\/wp-json\/wp\/v2\/pages\/6993","targetHints":{"allow":["GET"]}}],"collection":[{"href":"https:\/\/thetranscript.org\/es\/wp-json\/wp\/v2\/pages"}],"about":[{"href":"https:\/\/thetranscript.org\/es\/wp-json\/wp\/v2\/types\/page"}],"author":[{"embeddable":true,"href":"https:\/\/thetranscript.org\/es\/wp-json\/wp\/v2\/users\/1"}],"replies":[{"embeddable":true,"href":"https:\/\/thetranscript.org\/es\/wp-json\/wp\/v2\/comments?post=6993"}],"version-history":[{"count":1,"href":"https:\/\/thetranscript.org\/es\/wp-json\/wp\/v2\/pages\/6993\/revisions"}],"predecessor-version":[{"id":7775,"href":"https:\/\/thetranscript.org\/es\/wp-json\/wp\/v2\/pages\/6993\/revisions\/7775"}],"wp:attachment":[{"href":"https:\/\/thetranscript.org\/es\/wp-json\/wp\/v2\/media?parent=6993"}],"curies":[{"name":"wp","href":"https:\/\/api.w.org\/{rel}","templated":true}]}}