{"id":7210,"date":"2023-09-15T00:30:06","date_gmt":"2023-09-15T00:30:06","guid":{"rendered":"https:\/\/thetranscript.org\/signup-testing\/"},"modified":"2023-09-17T14:25:06","modified_gmt":"2023-09-17T14:25:06","slug":"signup-testing","status":"publish","type":"page","link":"https:\/\/thetranscript.org\/es\/signup-testing\/","title":{"rendered":"Signup &#8211; testing"},"content":{"rendered":"<p>[et_pb_section fb_built=&#8221;1&#8243; fullwidth=&#8221;on&#8221; disabled_on=&#8221;off|off|off&#8221; _builder_version=&#8221;4.21.0&#8243; global_colors_info=&#8221;{}&#8221;][et_pb_fullwidth_image src=&#8221;https:\/\/thetranscript.org\/wp-content\/uploads\/2018\/03\/Frank-with-blurred-transcript-1.jpg&#8221; _builder_version=&#8221;4.16&#8243; global_colors_info=&#8221;{}&#8221;]&nbsp;<br \/>\n[\/et_pb_fullwidth_image][\/et_pb_section][et_pb_section fb_built=&#8221;1&#8243; _builder_version=&#8221;4.17.4&#8243; _module_preset=&#8221;default&#8221; background_color=&#8221;#523800&#8243; global_colors_info=&#8221;{}&#8221;][et_pb_row _builder_version=&#8221;4.22.1&#8243; _module_preset=&#8221;default&#8221; global_colors_info=&#8221;{}&#8221;][et_pb_column type=&#8221;4_4&#8243; _builder_version=&#8221;4.22.1&#8243; _module_preset=&#8221;default&#8221; global_colors_info=&#8221;{}&#8221;][et_pb_text _builder_version=&#8221;4.22.1&#8243; _module_preset=&#8221;default&#8221; text_text_color=&#8221;#FFFFFF&#8221; global_colors_info=&#8221;{}&#8221;]<\/p>\n<p style=\"text-align: center;\"><span style=\"font-size: xx-large;\"><strong>!Bienvenido! Follow me in your preferred language.<\/strong><\/span><\/p>\n<p style=\"text-align: center;\"><span style=\"font-size: xx-large;\"><em><strong>\u00a1Bienvenido! S\u00edgame en el lenguaje de su predilecci\u00f3n.<\/strong><\/em><\/span><\/p>\n<p>[\/et_pb_text][\/et_pb_column][\/et_pb_row][et_pb_row column_structure=&#8221;1_5,3_5,1_5&#8243; _builder_version=&#8221;4.22.1&#8243; _module_preset=&#8221;default&#8221; hover_enabled=&#8221;0&#8243; global_colors_info=&#8221;{}&#8221; sticky_enabled=&#8221;0&#8243;][et_pb_column type=&#8221;1_5&#8243; _builder_version=&#8221;4.22.1&#8243; _module_preset=&#8221;default&#8221; global_colors_info=&#8221;{}&#8221;][\/et_pb_column][et_pb_column type=&#8221;3_5&#8243; _builder_version=&#8221;4.22.1&#8243; _module_preset=&#8221;default&#8221; global_colors_info=&#8221;{}&#8221;][et_pb_signup provider=&#8221;aweber&#8221; aweber_list=&#8221;frank|5831317&#8243; layout=&#8221;top_bottom&#8221; title=&#8221;Sign up to receieve the First Transcipt&#8221; _builder_version=&#8221;4.22.1&#8243; _module_preset=&#8221;default&#8221; background_color=&#8221;#0C71C3&#8243; custom_button=&#8221;on&#8221; button_text_color=&#8221;#FFFFFF&#8221; button_bg_color=&#8221;#e83838&#8243; width=&#8221;100%&#8221; hover_enabled=&#8221;0&#8243; global_colors_info=&#8221;{}&#8221; sticky_enabled=&#8221;0&#8243;][\/et_pb_signup][\/et_pb_column][et_pb_column type=&#8221;1_5&#8243; _builder_version=&#8221;4.22.1&#8243; _module_preset=&#8221;default&#8221; global_colors_info=&#8221;{}&#8221;][\/et_pb_column][\/et_pb_row][et_pb_row column_structure=&#8221;1_5,3_5,1_5&#8243; _builder_version=&#8221;4.22.1&#8243; _module_preset=&#8221;default&#8221; hover_enabled=&#8221;0&#8243; global_colors_info=&#8221;{}&#8221; sticky_enabled=&#8221;0&#8243;][et_pb_column type=&#8221;1_5&#8243; _builder_version=&#8221;4.22.1&#8243; _module_preset=&#8221;default&#8221; global_colors_info=&#8221;{}&#8221;][\/et_pb_column][et_pb_column type=&#8221;3_5&#8243; _builder_version=&#8221;4.22.1&#8243; _module_preset=&#8221;default&#8221; global_colors_info=&#8221;{}&#8221;][et_pb_signup provider=&#8221;aweber&#8221; aweber_list=&#8221;frank|6056591&#8243; layout=&#8221;top_bottom&#8221; title=&#8221;Inscr\u00edbase aqu\u00ed para recibir el Primer Transcrito&#8221; button_text=&#8221;SUSCR\u00cdBASE&#8221; _builder_version=&#8221;4.22.1&#8243; _module_preset=&#8221;default&#8221; background_color=&#8221;#e83838&#8243; custom_button=&#8221;on&#8221; button_bg_color=&#8221;#0c71c3&#8243; width=&#8221;100%&#8221; hover_enabled=&#8221;0&#8243; global_colors_info=&#8221;{}&#8221; sticky_enabled=&#8221;0&#8243;][\/et_pb_signup][\/et_pb_column][et_pb_column type=&#8221;1_5&#8243; _builder_version=&#8221;4.22.1&#8243; _module_preset=&#8221;default&#8221; global_colors_info=&#8221;{}&#8221;][\/et_pb_column][\/et_pb_row][\/et_pb_section][et_pb_section fb_built=&#8221;1&#8243; _builder_version=&#8221;4.22.1&#8243; _module_preset=&#8221;default&#8221; global_colors_info=&#8221;{}&#8221;][\/et_pb_section][et_pb_section fb_built=&#8221;1&#8243; fullwidth=&#8221;on&#8221; admin_label=&#8221;section&#8221; _builder_version=&#8221;4.17.4&#8243; use_background_color_gradient=&#8221;on&#8221; background_color_gradient_stops=&#8221;#523800 0%|#ffffff 100%&#8221; custom_padding=&#8221;4px|0px|0px|0px&#8221; transparent_background=&#8221;on&#8221; global_colors_info=&#8221;{}&#8221;][\/et_pb_section]<\/p>\n","protected":false},"excerpt":{"rendered":"<p>&nbsp; !Bienvenido! Follow me in your preferred language. \u00a1Bienvenido! S\u00edgame en el lenguaje de su predilecci\u00f3n.<\/p>\n","protected":false},"author":1,"featured_media":0,"parent":0,"menu_order":0,"comment_status":"closed","ping_status":"closed","template":"","meta":{"_et_pb_use_builder":"on","_et_pb_old_content":"","_et_gb_content_width":"","footnotes":""},"class_list":["post-7210","page","type-page","status-publish","hentry"],"yoast_head":"<!-- This site is optimized with the Yoast SEO plugin v27.4 - https:\/\/yoast.com\/product\/yoast-seo-wordpress\/ -->\n<title>Signup - testing - The Transcript<\/title>\n<meta name=\"robots\" content=\"index, follow, max-snippet:-1, max-image-preview:large, max-video-preview:-1\" \/>\n<link rel=\"canonical\" href=\"https:\/\/thetranscript.org\/es\/signup-testing\/\" \/>\n<meta property=\"og:locale\" content=\"es_ES\" \/>\n<meta property=\"og:type\" content=\"article\" \/>\n<meta property=\"og:title\" content=\"Signup - testing - The Transcript\" \/>\n<meta property=\"og:description\" content=\"&nbsp; !Bienvenido! Follow me in your preferred language. \u00a1Bienvenido! S\u00edgame en el lenguaje de su predilecci\u00f3n.\" \/>\n<meta property=\"og:url\" content=\"https:\/\/thetranscript.org\/es\/signup-testing\/\" \/>\n<meta property=\"og:site_name\" content=\"The Transcript\" \/>\n<meta property=\"article:modified_time\" content=\"2023-09-17T14:25:06+00:00\" \/>\n<meta name=\"twitter:card\" content=\"summary_large_image\" \/>\n<meta name=\"twitter:label1\" content=\"Tiempo de lectura\" \/>\n\t<meta name=\"twitter:data1\" content=\"2 minutes\" \/>\n<script type=\"application\/ld+json\" class=\"yoast-schema-graph\">{\"@context\":\"https:\\\/\\\/schema.org\",\"@graph\":[{\"@type\":\"WebPage\",\"@id\":\"https:\\\/\\\/thetranscript.org\\\/es\\\/signup-testing\\\/\",\"url\":\"https:\\\/\\\/thetranscript.org\\\/es\\\/signup-testing\\\/\",\"name\":\"Signup - testing - The Transcript\",\"isPartOf\":{\"@id\":\"https:\\\/\\\/thetranscript.org\\\/es\\\/#website\"},\"datePublished\":\"2023-09-15T00:30:06+00:00\",\"dateModified\":\"2023-09-17T14:25:06+00:00\",\"breadcrumb\":{\"@id\":\"https:\\\/\\\/thetranscript.org\\\/es\\\/signup-testing\\\/#breadcrumb\"},\"inLanguage\":\"es-ES\",\"potentialAction\":[{\"@type\":\"ReadAction\",\"target\":[\"https:\\\/\\\/thetranscript.org\\\/es\\\/signup-testing\\\/\"]}]},{\"@type\":\"BreadcrumbList\",\"@id\":\"https:\\\/\\\/thetranscript.org\\\/es\\\/signup-testing\\\/#breadcrumb\",\"itemListElement\":[{\"@type\":\"ListItem\",\"position\":1,\"name\":\"Home\",\"item\":\"https:\\\/\\\/thetranscript.org\\\/es\\\/\"},{\"@type\":\"ListItem\",\"position\":2,\"name\":\"Signup &#8211; testing\"}]},{\"@type\":\"WebSite\",\"@id\":\"https:\\\/\\\/thetranscript.org\\\/es\\\/#website\",\"url\":\"https:\\\/\\\/thetranscript.org\\\/es\\\/\",\"name\":\"The Transcript\",\"description\":\"My name is Francisco Valentin\u2014 author and publisher of the Transcripts\",\"potentialAction\":[{\"@type\":\"SearchAction\",\"target\":{\"@type\":\"EntryPoint\",\"urlTemplate\":\"https:\\\/\\\/thetranscript.org\\\/es\\\/?s={search_term_string}\"},\"query-input\":{\"@type\":\"PropertyValueSpecification\",\"valueRequired\":true,\"valueName\":\"search_term_string\"}}],\"inLanguage\":\"es-ES\"}]}<\/script>\n<!-- \/ Yoast SEO plugin. -->","yoast_head_json":{"title":"Signup - testing - The Transcript","robots":{"index":"index","follow":"follow","max-snippet":"max-snippet:-1","max-image-preview":"max-image-preview:large","max-video-preview":"max-video-preview:-1"},"canonical":"https:\/\/thetranscript.org\/es\/signup-testing\/","og_locale":"es_ES","og_type":"article","og_title":"Signup - testing - The Transcript","og_description":"&nbsp; !Bienvenido! Follow me in your preferred language. \u00a1Bienvenido! S\u00edgame en el lenguaje de su predilecci\u00f3n.","og_url":"https:\/\/thetranscript.org\/es\/signup-testing\/","og_site_name":"The Transcript","article_modified_time":"2023-09-17T14:25:06+00:00","twitter_card":"summary_large_image","twitter_misc":{"Tiempo de lectura":"2 minutes"},"schema":{"@context":"https:\/\/schema.org","@graph":[{"@type":"WebPage","@id":"https:\/\/thetranscript.org\/es\/signup-testing\/","url":"https:\/\/thetranscript.org\/es\/signup-testing\/","name":"Signup - testing - The Transcript","isPartOf":{"@id":"https:\/\/thetranscript.org\/es\/#website"},"datePublished":"2023-09-15T00:30:06+00:00","dateModified":"2023-09-17T14:25:06+00:00","breadcrumb":{"@id":"https:\/\/thetranscript.org\/es\/signup-testing\/#breadcrumb"},"inLanguage":"es-ES","potentialAction":[{"@type":"ReadAction","target":["https:\/\/thetranscript.org\/es\/signup-testing\/"]}]},{"@type":"BreadcrumbList","@id":"https:\/\/thetranscript.org\/es\/signup-testing\/#breadcrumb","itemListElement":[{"@type":"ListItem","position":1,"name":"Home","item":"https:\/\/thetranscript.org\/es\/"},{"@type":"ListItem","position":2,"name":"Signup &#8211; testing"}]},{"@type":"WebSite","@id":"https:\/\/thetranscript.org\/es\/#website","url":"https:\/\/thetranscript.org\/es\/","name":"The Transcript","description":"My name is Francisco Valentin\u2014 author and publisher of the Transcripts","potentialAction":[{"@type":"SearchAction","target":{"@type":"EntryPoint","urlTemplate":"https:\/\/thetranscript.org\/es\/?s={search_term_string}"},"query-input":{"@type":"PropertyValueSpecification","valueRequired":true,"valueName":"search_term_string"}}],"inLanguage":"es-ES"}]}},"_links":{"self":[{"href":"https:\/\/thetranscript.org\/es\/wp-json\/wp\/v2\/pages\/7210","targetHints":{"allow":["GET"]}}],"collection":[{"href":"https:\/\/thetranscript.org\/es\/wp-json\/wp\/v2\/pages"}],"about":[{"href":"https:\/\/thetranscript.org\/es\/wp-json\/wp\/v2\/types\/page"}],"author":[{"embeddable":true,"href":"https:\/\/thetranscript.org\/es\/wp-json\/wp\/v2\/users\/1"}],"replies":[{"embeddable":true,"href":"https:\/\/thetranscript.org\/es\/wp-json\/wp\/v2\/comments?post=7210"}],"version-history":[{"count":0,"href":"https:\/\/thetranscript.org\/es\/wp-json\/wp\/v2\/pages\/7210\/revisions"}],"wp:attachment":[{"href":"https:\/\/thetranscript.org\/es\/wp-json\/wp\/v2\/media?parent=7210"}],"curies":[{"name":"wp","href":"https:\/\/api.w.org\/{rel}","templated":true}]}}